{"id":7,"date":"2025-09-29T21:24:24","date_gmt":"2025-09-29T21:24:24","guid":{"rendered":"https:\/\/ingenieriadsi.mx\/?page_id=7"},"modified":"2025-10-29T20:00:28","modified_gmt":"2025-10-29T20:00:28","slug":"servicios-integrales-para-laboratorios-clinicos","status":"publish","type":"page","link":"https:\/\/ingenieriadsi.mx\/","title":{"rendered":"Inicio"},"content":{"rendered":"\t\t<div data-elementor-type=\"wp-page\" data-elementor-id=\"7\" class=\"elementor elementor-7\">\n\t\t\t\t<div class=\"elementor-element elementor-element-788c7167 e-flex e-con-boxed e-con e-parent\" data-id=\"788c7167\" data-element_type=\"container\">\n\t\t\t\t\t<div class=\"e-con-inner\">\n\t\t\t\t<div class=\"elementor-element elementor-element-38470ffa elementor-widget elementor-widget-text-editor\" data-id=\"38470ffa\" data-element_type=\"widget\" data-widget_type=\"text-editor.default\">\n\t\t\t\t\t\t\t\t\t\n<div class=\"wp-block-columns is-layout-flex wp-container-core-columns-is-layout-79832dff wp-block-columns-is-layout-flex\" style=\"margin-bottom: var(--wp--preset--spacing--60);\">\n<div class=\"wp-block-column\">\n<figure class=\"wp-block-image size-full\"><img fetchpriority=\"high\" decoding=\"async\" class=\"alignnone size-medium wp-image-93\" src=\"https:\/\/ingenieriadsi.mx\/wp-content\/uploads\/2025\/10\/Cobase411-300x300.jpg\" alt=\"\" width=\"300\" height=\"300\" srcset=\"https:\/\/ingenieriadsi.mx\/wp-content\/uploads\/2025\/10\/Cobase411-300x300.jpg 300w, https:\/\/ingenieriadsi.mx\/wp-content\/uploads\/2025\/10\/Cobase411-150x150.jpg 150w, https:\/\/ingenieriadsi.mx\/wp-content\/uploads\/2025\/10\/Cobase411-768x768.jpg 768w, https:\/\/ingenieriadsi.mx\/wp-content\/uploads\/2025\/10\/Cobase411.jpg 1024w\" sizes=\"(max-width: 300px) 100vw, 300px\" \/><\/figure>\n<h5 class=\"wp-block-heading\" style=\"margin-top: 1.5rem; margin-bottom: 1rem;\"><strong>Servicio de Mantenimiento Preventivo<\/strong><\/h5>\n<p>Extendemos la vida \u00fatil de tus equipos con revisiones peri\u00f3dicas, limpieza especializada y calibraci\u00f3n precisa, garantizando un funcionamiento seguro y confiable en todo momento.<\/p>\n<\/div>\n<div class=\"wp-block-column\">\n<figure class=\"wp-block-image size-full\"><img decoding=\"async\" class=\"alignnone size-medium wp-image-92\" src=\"https:\/\/ingenieriadsi.mx\/wp-content\/uploads\/2025\/10\/CobasPure-300x300.jpg\" alt=\"\" width=\"300\" height=\"300\" srcset=\"https:\/\/ingenieriadsi.mx\/wp-content\/uploads\/2025\/10\/CobasPure-300x300.jpg 300w, https:\/\/ingenieriadsi.mx\/wp-content\/uploads\/2025\/10\/CobasPure-150x150.jpg 150w, https:\/\/ingenieriadsi.mx\/wp-content\/uploads\/2025\/10\/CobasPure-768x768.jpg 768w, https:\/\/ingenieriadsi.mx\/wp-content\/uploads\/2025\/10\/CobasPure.jpg 1024w\" sizes=\"(max-width: 300px) 100vw, 300px\" \/><\/figure>\n<h5 class=\"wp-block-heading\" style=\"margin-top: 1.5rem; margin-bottom: 1rem;\"><strong>Servicio de Mantenimiento Correctivo<\/strong><\/h5>\n<p>Solucionamos fallas y reparaciones de manera eficiente, utilizando refacciones de calidad y personal especializado para restablecer la operaci\u00f3n de tus equipos sin retrasar tus procesos.<\/p>\n<\/div>\n<div class=\"wp-block-column\">\n<figure class=\"wp-block-image size-full\"><img decoding=\"async\" class=\"alignnone size-medium wp-image-91\" src=\"https:\/\/ingenieriadsi.mx\/wp-content\/uploads\/2025\/10\/Cobas6500-300x300.jpg\" alt=\"\" width=\"300\" height=\"300\" srcset=\"https:\/\/ingenieriadsi.mx\/wp-content\/uploads\/2025\/10\/Cobas6500-300x300.jpg 300w, https:\/\/ingenieriadsi.mx\/wp-content\/uploads\/2025\/10\/Cobas6500-150x150.jpg 150w, https:\/\/ingenieriadsi.mx\/wp-content\/uploads\/2025\/10\/Cobas6500-768x768.jpg 768w, https:\/\/ingenieriadsi.mx\/wp-content\/uploads\/2025\/10\/Cobas6500.jpg 1024w\" sizes=\"(max-width: 300px) 100vw, 300px\" \/><\/figure>\n<h5 class=\"wp-block-heading\" style=\"margin-top: 1.5rem; margin-bottom: 1rem;\"><strong>Instalaci\u00f3n, Calibraci\u00f3n y Validaci\u00f3n<\/strong><\/h5>\n<p>Aseguramos la exactitud de tus resultados mediante servicios de calibraci\u00f3n y validaci\u00f3n bajo normas establecidas, cuidando que cada equipo cumpla con los est\u00e1ndares de calidad exigidos.<\/p>\n<\/div>\n<div class=\"wp-block-column\">\n<figure class=\"wp-block-image size-full\"><img loading=\"lazy\" decoding=\"async\" class=\"alignnone size-medium wp-image-90\" src=\"https:\/\/ingenieriadsi.mx\/wp-content\/uploads\/2025\/10\/Sysmex-Xnl-300x300.jpg\" alt=\"\" width=\"300\" height=\"300\" srcset=\"https:\/\/ingenieriadsi.mx\/wp-content\/uploads\/2025\/10\/Sysmex-Xnl-300x300.jpg 300w, https:\/\/ingenieriadsi.mx\/wp-content\/uploads\/2025\/10\/Sysmex-Xnl-150x150.jpg 150w, https:\/\/ingenieriadsi.mx\/wp-content\/uploads\/2025\/10\/Sysmex-Xnl-768x768.jpg 768w, https:\/\/ingenieriadsi.mx\/wp-content\/uploads\/2025\/10\/Sysmex-Xnl.jpg 1024w\" sizes=\"(max-width: 300px) 100vw, 300px\" \/><\/figure>\n<h5 class=\"wp-block-heading\" style=\"margin-top: 1.5rem; margin-bottom: 1rem;\"><strong>Capacitaci\u00f3n, Asesor\u00eda y Soporte T\u00e9cnico<\/strong><\/h5>\n<p>Brindamos acompa\u00f1amiento profesional para la correcta operaci\u00f3n y uso de tus instrumentos, resolviendo dudas t\u00e9cnicas y ofreciendo soluciones para tu laboratorio.<\/p>\n<\/div>\n<div class=\"wp-block-column\">\n<figure class=\"wp-block-image size-full\"><img loading=\"lazy\" decoding=\"async\" class=\"alignnone size-medium wp-image-95\" src=\"https:\/\/ingenieriadsi.mx\/wp-content\/uploads\/2025\/10\/Poliza-anual-de-Servicio-300x300.jpg\" alt=\"\" width=\"300\" height=\"300\" srcset=\"https:\/\/ingenieriadsi.mx\/wp-content\/uploads\/2025\/10\/Poliza-anual-de-Servicio-300x300.jpg 300w, https:\/\/ingenieriadsi.mx\/wp-content\/uploads\/2025\/10\/Poliza-anual-de-Servicio-150x150.jpg 150w, https:\/\/ingenieriadsi.mx\/wp-content\/uploads\/2025\/10\/Poliza-anual-de-Servicio-768x768.jpg 768w, https:\/\/ingenieriadsi.mx\/wp-content\/uploads\/2025\/10\/Poliza-anual-de-Servicio.jpg 1024w\" sizes=\"(max-width: 300px) 100vw, 300px\" \/><\/figure>\n<h5 class=\"wp-block-heading\" style=\"margin-top: 1.5rem; margin-bottom: 1rem;\"><strong>Beneficios de una Poliza Anual de Servicios<\/strong><\/h5>\n<p>Asegura la continuidad y eficiencia de tus equipos de laboratorio durante todo el a\u00f1o. Con nuestra p\u00f3liza anual, obtienes mantenimiento preventivo programado.<\/p>\n<\/div>\n<\/div>\n\n<div class=\"wp-block-cover alignfull is-light\" style=\"padding-top: var(--wp--preset--spacing--60); padding-bottom: var(--wp--preset--spacing--60); min-height: 250px;\">\n<div class=\"wp-block-cover__inner-container\">\n<div class=\"wp-block-columns are-vertically-aligned-center\">\n<div class=\"wp-block-column is-vertically-aligned-center\" style=\"flex-basis: 33.33%;\">\n<figure><\/figure>\n<figure><\/figure>\n<figure class=\"wp-block-image aligncenter\"><img loading=\"lazy\" decoding=\"async\" class=\"alignnone size-medium wp-image-42\" src=\"https:\/\/ingenieriadsi.mx\/wp-content\/uploads\/2025\/09\/Logo-DSI-marino-elemento-300x288.png\" alt=\"\" width=\"300\" height=\"288\" srcset=\"https:\/\/ingenieriadsi.mx\/wp-content\/uploads\/2025\/09\/Logo-DSI-marino-elemento-300x288.png 300w, https:\/\/ingenieriadsi.mx\/wp-content\/uploads\/2025\/09\/Logo-DSI-marino-elemento-1024x984.png 1024w, https:\/\/ingenieriadsi.mx\/wp-content\/uploads\/2025\/09\/Logo-DSI-marino-elemento-768x738.png 768w, https:\/\/ingenieriadsi.mx\/wp-content\/uploads\/2025\/09\/Logo-DSI-marino-elemento.png 1104w\" sizes=\"(max-width: 300px) 100vw, 300px\" \/><\/figure>\n<\/div>\n<div class=\"wp-block-column is-vertically-aligned-center\" style=\"flex-basis: 66.66%;\">\n<h4 class=\"wp-block-heading has-black-color has-text-color\">Misi\u00f3n y Visi\u00f3n<\/h4>\n<h3 data-start=\"287\" data-end=\"303\"><strong data-start=\"291\" data-end=\"301\">Misi\u00f3n<\/strong><\/h3>\n<p data-start=\"304\" data-end=\"676\">Brindar soluciones integrales para laboratorios cl\u00ednicos y qu\u00edmicos a trav\u00e9s de servicios de mantenimiento, calibraci\u00f3n y soporte especializado, garantizando la calidad, seguridad y precisi\u00f3n en cada proceso. Nos comprometemos a ofrecer atenci\u00f3n confiable, horarios accesibles y un acompa\u00f1amiento constante que respalde la excelencia y el bienestar de nuestros clientes.<\/p>\n<h3 data-start=\"683\" data-end=\"699\"><strong data-start=\"687\" data-end=\"697\">Visi\u00f3n<\/strong><\/h3>\n<p data-start=\"700\" data-end=\"1087\">Ser la empresa l\u00edder en servicios integrales para laboratorios cl\u00ednicos y qu\u00edmicos en M\u00e9xico, reconocida por la innovaci\u00f3n, el profesionalismo y la confianza que transmitimos. Aspiramos a consolidarnos como un aliado estrat\u00e9gico para instituciones y profesionales de la salud, contribuyendo al desarrollo de la ciencia y al fortalecimiento de la calidad en los diagn\u00f3sticos del futuro.<\/p>\n<\/div>\n<\/div>\n<\/div>\n<\/div>\n<!-- \/wp:heading --><!-- wp:latest-posts {\"displayPostContent\":true,\"displayPostDate\":true,\"displayFeaturedImage\":true,\"featuredImageAlign\":\"left\",\"addLinkToFeaturedImage\":true} \/-->\t\t\t\t\t\t\t\t<\/div>\n\t\t<div class=\"elementor-element elementor-element-085d8a4 e-con-full e-flex e-con e-child\" data-id=\"085d8a4\" data-element_type=\"container\">\n\t\t\t\t<div class=\"elementor-element elementor-element-ced86a4 elementor-widget elementor-widget-heading\" data-id=\"ced86a4\" data-element_type=\"widget\" data-widget_type=\"heading.default\">\n\t\t\t\t\t<h2 class=\"elementor-heading-title elementor-size-default\">Somos especialistas en:<\/h2>\t\t\t\t<\/div>\n\t\t<div class=\"elementor-element elementor-element-03e273d e-grid e-con-full e-con e-child\" data-id=\"03e273d\" data-element_type=\"container\">\n\t\t\t\t<div class=\"elementor-element elementor-element-d0446cf elementor-widget elementor-widget-image\" data-id=\"d0446cf\" data-element_type=\"widget\" data-widget_type=\"image.default\">\n\t\t\t\t\t\t\t\t\t\t\t\t\t\t\t<img loading=\"lazy\" decoding=\"async\" width=\"1024\" height=\"1024\" src=\"https:\/\/ingenieriadsi.mx\/wp-content\/uploads\/2025\/10\/BioRad.png\" class=\"elementor-animation-grow attachment-large size-large wp-image-258\" alt=\"\" srcset=\"https:\/\/ingenieriadsi.mx\/wp-content\/uploads\/2025\/10\/BioRad.png 1024w, https:\/\/ingenieriadsi.mx\/wp-content\/uploads\/2025\/10\/BioRad-300x300.png 300w, https:\/\/ingenieriadsi.mx\/wp-content\/uploads\/2025\/10\/BioRad-150x150.png 150w, https:\/\/ingenieriadsi.mx\/wp-content\/uploads\/2025\/10\/BioRad-768x768.png 768w\" sizes=\"(max-width: 1024px) 100vw, 1024px\" \/>\t\t\t\t\t\t\t\t\t\t\t\t\t\t\t<\/div>\n\t\t\t\t<div class=\"elementor-element elementor-element-2a340db elementor-widget elementor-widget-image\" data-id=\"2a340db\" data-element_type=\"widget\" data-widget_type=\"image.default\">\n\t\t\t\t\t\t\t\t\t\t\t\t\t\t\t<img loading=\"lazy\" decoding=\"async\" width=\"1024\" height=\"1024\" src=\"https:\/\/ingenieriadsi.mx\/wp-content\/uploads\/2025\/10\/Roche.png\" class=\"elementor-animation-grow attachment-large size-large wp-image-259\" alt=\"\" srcset=\"https:\/\/ingenieriadsi.mx\/wp-content\/uploads\/2025\/10\/Roche.png 1024w, https:\/\/ingenieriadsi.mx\/wp-content\/uploads\/2025\/10\/Roche-300x300.png 300w, https:\/\/ingenieriadsi.mx\/wp-content\/uploads\/2025\/10\/Roche-150x150.png 150w, https:\/\/ingenieriadsi.mx\/wp-content\/uploads\/2025\/10\/Roche-768x768.png 768w\" sizes=\"(max-width: 1024px) 100vw, 1024px\" \/>\t\t\t\t\t\t\t\t\t\t\t\t\t\t\t<\/div>\n\t\t\t\t<div class=\"elementor-element elementor-element-4ef7211 elementor-widget elementor-widget-image\" data-id=\"4ef7211\" data-element_type=\"widget\" data-widget_type=\"image.default\">\n\t\t\t\t\t\t\t\t\t\t\t\t\t\t\t<img loading=\"lazy\" decoding=\"async\" width=\"1024\" height=\"1024\" src=\"https:\/\/ingenieriadsi.mx\/wp-content\/uploads\/2025\/10\/Licon2.png\" class=\"elementor-animation-grow attachment-large size-large wp-image-257\" alt=\"\" srcset=\"https:\/\/ingenieriadsi.mx\/wp-content\/uploads\/2025\/10\/Licon2.png 1024w, https:\/\/ingenieriadsi.mx\/wp-content\/uploads\/2025\/10\/Licon2-300x300.png 300w, https:\/\/ingenieriadsi.mx\/wp-content\/uploads\/2025\/10\/Licon2-150x150.png 150w, https:\/\/ingenieriadsi.mx\/wp-content\/uploads\/2025\/10\/Licon2-768x768.png 768w\" sizes=\"(max-width: 1024px) 100vw, 1024px\" \/>\t\t\t\t\t\t\t\t\t\t\t\t\t\t\t<\/div>\n\t\t\t\t<div class=\"elementor-element elementor-element-b2f0e62 elementor-widget elementor-widget-image\" data-id=\"b2f0e62\" data-element_type=\"widget\" data-widget_type=\"image.default\">\n\t\t\t\t\t\t\t\t\t\t\t\t\t\t\t<img loading=\"lazy\" decoding=\"async\" width=\"1024\" height=\"1024\" src=\"https:\/\/ingenieriadsi.mx\/wp-content\/uploads\/2025\/10\/Siemens.png\" class=\"elementor-animation-grow attachment-large size-large wp-image-256\" alt=\"\" srcset=\"https:\/\/ingenieriadsi.mx\/wp-content\/uploads\/2025\/10\/Siemens.png 1024w, https:\/\/ingenieriadsi.mx\/wp-content\/uploads\/2025\/10\/Siemens-300x300.png 300w, https:\/\/ingenieriadsi.mx\/wp-content\/uploads\/2025\/10\/Siemens-150x150.png 150w, https:\/\/ingenieriadsi.mx\/wp-content\/uploads\/2025\/10\/Siemens-768x768.png 768w\" sizes=\"(max-width: 1024px) 100vw, 1024px\" \/>\t\t\t\t\t\t\t\t\t\t\t\t\t\t\t<\/div>\n\t\t\t\t<div class=\"elementor-element elementor-element-6660029 elementor-widget elementor-widget-image\" data-id=\"6660029\" data-element_type=\"widget\" data-widget_type=\"image.default\">\n\t\t\t\t\t\t\t\t\t\t\t\t\t\t\t<img loading=\"lazy\" decoding=\"async\" width=\"1024\" height=\"1024\" src=\"https:\/\/ingenieriadsi.mx\/wp-content\/uploads\/2025\/10\/Mindray.png\" class=\"elementor-animation-grow attachment-large size-large wp-image-267\" alt=\"\" srcset=\"https:\/\/ingenieriadsi.mx\/wp-content\/uploads\/2025\/10\/Mindray.png 1024w, https:\/\/ingenieriadsi.mx\/wp-content\/uploads\/2025\/10\/Mindray-300x300.png 300w, https:\/\/ingenieriadsi.mx\/wp-content\/uploads\/2025\/10\/Mindray-150x150.png 150w, https:\/\/ingenieriadsi.mx\/wp-content\/uploads\/2025\/10\/Mindray-768x768.png 768w\" sizes=\"(max-width: 1024px) 100vw, 1024px\" \/>\t\t\t\t\t\t\t\t\t\t\t\t\t\t\t<\/div>\n\t\t\t\t<div class=\"elementor-element elementor-element-464b9a9 elementor-widget elementor-widget-image\" data-id=\"464b9a9\" data-element_type=\"widget\" data-widget_type=\"image.default\">\n\t\t\t\t\t\t\t\t\t\t\t\t\t\t\t<img loading=\"lazy\" decoding=\"async\" width=\"1024\" height=\"1024\" src=\"https:\/\/ingenieriadsi.mx\/wp-content\/uploads\/2025\/10\/Weiner.png\" class=\"elementor-animation-grow attachment-large size-large wp-image-255\" alt=\"\" srcset=\"https:\/\/ingenieriadsi.mx\/wp-content\/uploads\/2025\/10\/Weiner.png 1024w, https:\/\/ingenieriadsi.mx\/wp-content\/uploads\/2025\/10\/Weiner-300x300.png 300w, https:\/\/ingenieriadsi.mx\/wp-content\/uploads\/2025\/10\/Weiner-150x150.png 150w, https:\/\/ingenieriadsi.mx\/wp-content\/uploads\/2025\/10\/Weiner-768x768.png 768w\" sizes=\"(max-width: 1024px) 100vw, 1024px\" \/>\t\t\t\t\t\t\t\t\t\t\t\t\t\t\t<\/div>\n\t\t\t\t<\/div>\n\t\t\t\t<\/div>\n\t\t\t\t\t<\/div>\n\t\t\t\t<\/div>\n\t\t\t\t<\/div>\n\t\t","protected":false},"excerpt":{"rendered":"<p>Servicio de Mantenimiento Preventivo Extendemos la vida \u00fatil de tus equipos con revisiones peri\u00f3dicas, limpieza especializada y calibraci\u00f3n precisa, garantizando un funcionamiento seguro y confiable en todo momento. Servicio de Mantenimiento Correctivo Solucionamos fallas y reparaciones de manera eficiente, utilizando refacciones de calidad y personal especializado para restablecer la operaci\u00f3n de tus equipos sin retrasar [&hellip;]<\/p>\n","protected":false},"author":1,"featured_media":0,"parent":0,"menu_order":0,"comment_status":"closed","ping_status":"closed","template":"","meta":{"vkexunit_cta_each_option":"","footnotes":""},"class_list":["post-7","page","type-page","status-publish","hentry"],"yoast_head":"<!-- This site is optimized with the Yoast SEO plugin v26.1.1 - https:\/\/yoast.com\/wordpress\/plugins\/seo\/ -->\n<title>Inicio - DSI - Servicios e Ingenier\u00eda<\/title>\n<meta name=\"description\" content=\"&quot;Servicios integrales para laboratorios cl\u00ednicos y qu\u00edmicos en M\u00e9xico. Mantenimiento, calibraci\u00f3n y soporte t\u00e9cnico de equipos con calidad, confianza y precisi\u00f3n.&quot; %\" \/>\n<meta name=\"robots\" content=\"index, follow, max-snippet:-1, max-image-preview:large, max-video-preview:-1\" \/>\n<link rel=\"canonical\" href=\"https:\/\/ingenieriadsi.mx\/\" \/>\n<meta property=\"og:locale\" content=\"es_ES\" \/>\n<meta property=\"og:type\" content=\"article\" \/>\n<meta property=\"og:title\" content=\"Inicio - DSI - Servicios e Ingenier\u00eda\" \/>\n<meta property=\"og:description\" content=\"&quot;Servicios integrales para laboratorios cl\u00ednicos y qu\u00edmicos en M\u00e9xico. Mantenimiento, calibraci\u00f3n y soporte t\u00e9cnico de equipos con calidad, confianza y precisi\u00f3n.&quot; %\" \/>\n<meta property=\"og:url\" content=\"https:\/\/ingenieriadsi.mx\/\" \/>\n<meta property=\"og:site_name\" content=\"DSI - Servicios e Ingenier\u00eda\" \/>\n<meta property=\"article:modified_time\" content=\"2025-10-29T20:00:28+00:00\" \/>\n<meta property=\"og:image\" content=\"https:\/\/ingenieriadsi.mx\/wp-content\/uploads\/2025\/10\/Cobase411.jpg\" \/>\n\t<meta property=\"og:image:width\" content=\"1024\" \/>\n\t<meta property=\"og:image:height\" content=\"1024\" \/>\n\t<meta property=\"og:image:type\" content=\"image\/jpeg\" \/>\n<meta name=\"twitter:card\" content=\"summary_large_image\" \/>\n<meta name=\"twitter:label1\" content=\"Tiempo de lectura\" \/>\n\t<meta name=\"twitter:data1\" content=\"3 minutos\" \/>\n<script type=\"application\/ld+json\" class=\"yoast-schema-graph\">{\"@context\":\"https:\/\/schema.org\",\"@graph\":[{\"@type\":\"WebPage\",\"@id\":\"https:\/\/ingenieriadsi.mx\/\",\"url\":\"https:\/\/ingenieriadsi.mx\/\",\"name\":\"Inicio - DSI - Servicios e Ingenier\u00eda\",\"isPartOf\":{\"@id\":\"https:\/\/ingenieriadsi.mx\/#website\"},\"primaryImageOfPage\":{\"@id\":\"https:\/\/ingenieriadsi.mx\/#primaryimage\"},\"image\":{\"@id\":\"https:\/\/ingenieriadsi.mx\/#primaryimage\"},\"thumbnailUrl\":\"https:\/\/ingenieriadsi.mx\/wp-content\/uploads\/2025\/10\/Cobase411-300x300.jpg\",\"datePublished\":\"2025-09-29T21:24:24+00:00\",\"dateModified\":\"2025-10-29T20:00:28+00:00\",\"description\":\"\\\"Servicios integrales para laboratorios cl\u00ednicos y qu\u00edmicos en M\u00e9xico. Mantenimiento, calibraci\u00f3n y soporte t\u00e9cnico de equipos con calidad, confianza y precisi\u00f3n.\\\" %\",\"breadcrumb\":{\"@id\":\"https:\/\/ingenieriadsi.mx\/#breadcrumb\"},\"inLanguage\":\"es\",\"potentialAction\":[{\"@type\":\"ReadAction\",\"target\":[\"https:\/\/ingenieriadsi.mx\/\"]}]},{\"@type\":\"ImageObject\",\"inLanguage\":\"es\",\"@id\":\"https:\/\/ingenieriadsi.mx\/#primaryimage\",\"url\":\"https:\/\/ingenieriadsi.mx\/wp-content\/uploads\/2025\/10\/Cobase411.jpg\",\"contentUrl\":\"https:\/\/ingenieriadsi.mx\/wp-content\/uploads\/2025\/10\/Cobase411.jpg\",\"width\":1024,\"height\":1024},{\"@type\":\"BreadcrumbList\",\"@id\":\"https:\/\/ingenieriadsi.mx\/#breadcrumb\",\"itemListElement\":[{\"@type\":\"ListItem\",\"position\":1,\"name\":\"Portada\",\"item\":\"https:\/\/ingenieriadsi.mx\/\"},{\"@type\":\"ListItem\",\"position\":2,\"name\":\"Inicio\"}]},{\"@type\":\"WebSite\",\"@id\":\"https:\/\/ingenieriadsi.mx\/#website\",\"url\":\"https:\/\/ingenieriadsi.mx\/\",\"name\":\"DSI - Servicios e Ingenier\u00eda\",\"description\":\"Innovaci\u00f3n y confianza en servicios integrales para laboratorios cl\u00ednicos.\",\"potentialAction\":[{\"@type\":\"SearchAction\",\"target\":{\"@type\":\"EntryPoint\",\"urlTemplate\":\"https:\/\/ingenieriadsi.mx\/?s={search_term_string}\"},\"query-input\":{\"@type\":\"PropertyValueSpecification\",\"valueRequired\":true,\"valueName\":\"search_term_string\"}}],\"inLanguage\":\"es\"}]}<\/script>\n<!-- \/ Yoast SEO plugin. -->","yoast_head_json":{"title":"Inicio - DSI - Servicios e Ingenier\u00eda","description":"\"Servicios integrales para laboratorios cl\u00ednicos y qu\u00edmicos en M\u00e9xico. Mantenimiento, calibraci\u00f3n y soporte t\u00e9cnico de equipos con calidad, confianza y precisi\u00f3n.\" %","robots":{"index":"index","follow":"follow","max-snippet":"max-snippet:-1","max-image-preview":"max-image-preview:large","max-video-preview":"max-video-preview:-1"},"canonical":"https:\/\/ingenieriadsi.mx\/","og_locale":"es_ES","og_type":"article","og_title":"Inicio - DSI - Servicios e Ingenier\u00eda","og_description":"\"Servicios integrales para laboratorios cl\u00ednicos y qu\u00edmicos en M\u00e9xico. Mantenimiento, calibraci\u00f3n y soporte t\u00e9cnico de equipos con calidad, confianza y precisi\u00f3n.\" %","og_url":"https:\/\/ingenieriadsi.mx\/","og_site_name":"DSI - Servicios e Ingenier\u00eda","article_modified_time":"2025-10-29T20:00:28+00:00","og_image":[{"width":1024,"height":1024,"url":"https:\/\/ingenieriadsi.mx\/wp-content\/uploads\/2025\/10\/Cobase411.jpg","type":"image\/jpeg"}],"twitter_card":"summary_large_image","twitter_misc":{"Tiempo de lectura":"3 minutos"},"schema":{"@context":"https:\/\/schema.org","@graph":[{"@type":"WebPage","@id":"https:\/\/ingenieriadsi.mx\/","url":"https:\/\/ingenieriadsi.mx\/","name":"Inicio - DSI - Servicios e Ingenier\u00eda","isPartOf":{"@id":"https:\/\/ingenieriadsi.mx\/#website"},"primaryImageOfPage":{"@id":"https:\/\/ingenieriadsi.mx\/#primaryimage"},"image":{"@id":"https:\/\/ingenieriadsi.mx\/#primaryimage"},"thumbnailUrl":"https:\/\/ingenieriadsi.mx\/wp-content\/uploads\/2025\/10\/Cobase411-300x300.jpg","datePublished":"2025-09-29T21:24:24+00:00","dateModified":"2025-10-29T20:00:28+00:00","description":"\"Servicios integrales para laboratorios cl\u00ednicos y qu\u00edmicos en M\u00e9xico. Mantenimiento, calibraci\u00f3n y soporte t\u00e9cnico de equipos con calidad, confianza y precisi\u00f3n.\" %","breadcrumb":{"@id":"https:\/\/ingenieriadsi.mx\/#breadcrumb"},"inLanguage":"es","potentialAction":[{"@type":"ReadAction","target":["https:\/\/ingenieriadsi.mx\/"]}]},{"@type":"ImageObject","inLanguage":"es","@id":"https:\/\/ingenieriadsi.mx\/#primaryimage","url":"https:\/\/ingenieriadsi.mx\/wp-content\/uploads\/2025\/10\/Cobase411.jpg","contentUrl":"https:\/\/ingenieriadsi.mx\/wp-content\/uploads\/2025\/10\/Cobase411.jpg","width":1024,"height":1024},{"@type":"BreadcrumbList","@id":"https:\/\/ingenieriadsi.mx\/#breadcrumb","itemListElement":[{"@type":"ListItem","position":1,"name":"Portada","item":"https:\/\/ingenieriadsi.mx\/"},{"@type":"ListItem","position":2,"name":"Inicio"}]},{"@type":"WebSite","@id":"https:\/\/ingenieriadsi.mx\/#website","url":"https:\/\/ingenieriadsi.mx\/","name":"DSI - Servicios e Ingenier\u00eda","description":"Innovaci\u00f3n y confianza en servicios integrales para laboratorios cl\u00ednicos.","potentialAction":[{"@type":"SearchAction","target":{"@type":"EntryPoint","urlTemplate":"https:\/\/ingenieriadsi.mx\/?s={search_term_string}"},"query-input":{"@type":"PropertyValueSpecification","valueRequired":true,"valueName":"search_term_string"}}],"inLanguage":"es"}]}},"_links":{"self":[{"href":"https:\/\/ingenieriadsi.mx\/index.php\/wp-json\/wp\/v2\/pages\/7","targetHints":{"allow":["GET"]}}],"collection":[{"href":"https:\/\/ingenieriadsi.mx\/index.php\/wp-json\/wp\/v2\/pages"}],"about":[{"href":"https:\/\/ingenieriadsi.mx\/index.php\/wp-json\/wp\/v2\/types\/page"}],"author":[{"embeddable":true,"href":"https:\/\/ingenieriadsi.mx\/index.php\/wp-json\/wp\/v2\/users\/1"}],"replies":[{"embeddable":true,"href":"https:\/\/ingenieriadsi.mx\/index.php\/wp-json\/wp\/v2\/comments?post=7"}],"version-history":[{"count":49,"href":"https:\/\/ingenieriadsi.mx\/index.php\/wp-json\/wp\/v2\/pages\/7\/revisions"}],"predecessor-version":[{"id":270,"href":"https:\/\/ingenieriadsi.mx\/index.php\/wp-json\/wp\/v2\/pages\/7\/revisions\/270"}],"wp:attachment":[{"href":"https:\/\/ingenieriadsi.mx\/index.php\/wp-json\/wp\/v2\/media?parent=7"}],"curies":[{"name":"wp","href":"https:\/\/api.w.org\/{rel}","templated":true}]}}