{"id":212,"date":"2025-10-29T18:26:56","date_gmt":"2025-10-29T18:26:56","guid":{"rendered":"https:\/\/ingenieriadsi.mx\/?page_id=212"},"modified":"2025-10-29T18:47:23","modified_gmt":"2025-10-29T18:47:23","slug":"externos","status":"publish","type":"page","link":"https:\/\/ingenieriadsi.mx\/index.php\/externos\/","title":{"rendered":"Documentaci\u00f3n Externa"},"content":{"rendered":"\t\t<div data-elementor-type=\"wp-page\" data-elementor-id=\"212\" class=\"elementor elementor-212\">\n\t\t\t\t<div class=\"elementor-element elementor-element-1a32306 e-flex e-con-boxed e-con e-parent\" data-id=\"1a32306\" data-element_type=\"container\">\n\t\t\t\t\t<div class=\"e-con-inner\">\n\t\t\t\t<div class=\"elementor-element elementor-element-8caa424 elementor-widget elementor-widget-text-editor\" data-id=\"8caa424\" data-element_type=\"widget\" data-widget_type=\"text-editor.default\">\n\t\t\t\t\t\t\t\t\t<p style=\"text-align: center;\" data-start=\"101\" data-end=\"264\">En esta secci\u00f3n encontrar\u00e1s <strong data-start=\"129\" data-end=\"175\">documentaci\u00f3n dirigida al personal externo<\/strong> de DSI.<br data-start=\"183\" data-end=\"186\" \/>No es necesario contar con un registro previo para acceder a la informaci\u00f3n.<\/p><p style=\"text-align: center;\" data-start=\"266\" data-end=\"405\">Simplemente <strong data-start=\"278\" data-end=\"305\">haz clic en los enlaces<\/strong> que mejor se adapten a tus necesidades y podr\u00e1s consultar o descargar los documentos disponibles.<\/p>\t\t\t\t\t\t\t\t<\/div>\n\t\t\t\t\t<\/div>\n\t\t\t\t<\/div>\n\t\t<div class=\"elementor-element elementor-element-f312bd9 e-flex e-con-boxed e-con e-parent\" data-id=\"f312bd9\" data-element_type=\"container\">\n\t\t\t\t\t<div class=\"e-con-inner\">\n\t\t<div class=\"elementor-element elementor-element-e5f20a0 e-con-full e-flex e-con e-child\" data-id=\"e5f20a0\" data-element_type=\"container\">\n\t\t\t\t<div class=\"elementor-element elementor-element-8113224 elementor-widget elementor-widget-image\" data-id=\"8113224\" data-element_type=\"widget\" data-widget_type=\"image.default\">\n\t\t\t\t\t\t\t\t\t\t\t\t\t\t\t<img fetchpriority=\"high\" decoding=\"async\" width=\"1024\" height=\"1024\" src=\"https:\/\/ingenieriadsi.mx\/wp-content\/uploads\/2025\/10\/Mantenimiento-preventivo.png\" class=\"attachment-2048x2048 size-2048x2048 wp-image-213\" alt=\"\" srcset=\"https:\/\/ingenieriadsi.mx\/wp-content\/uploads\/2025\/10\/Mantenimiento-preventivo.png 1024w, https:\/\/ingenieriadsi.mx\/wp-content\/uploads\/2025\/10\/Mantenimiento-preventivo-300x300.png 300w, https:\/\/ingenieriadsi.mx\/wp-content\/uploads\/2025\/10\/Mantenimiento-preventivo-150x150.png 150w, https:\/\/ingenieriadsi.mx\/wp-content\/uploads\/2025\/10\/Mantenimiento-preventivo-768x768.png 768w\" sizes=\"(max-width: 1024px) 100vw, 1024px\" \/>\t\t\t\t\t\t\t\t\t\t\t\t\t\t\t<\/div>\n\t\t\t\t<div class=\"elementor-element elementor-element-655fc7c elementor-widget elementor-widget-heading\" data-id=\"655fc7c\" data-element_type=\"widget\" data-widget_type=\"heading.default\">\n\t\t\t\t\t<h2 class=\"elementor-heading-title elementor-size-default\">Mantenimientos Preventivos<\/h2>\t\t\t\t<\/div>\n\t\t\t\t<div class=\"elementor-element elementor-element-c0b21da elementor-align-justify elementor-widget elementor-widget-button\" data-id=\"c0b21da\" data-element_type=\"widget\" data-widget_type=\"button.default\">\n\t\t\t\t\t\t\t\t\t\t<a class=\"elementor-button elementor-button-link elementor-size-sm\" href=\"https:\/\/docs.google.com\/forms\/d\/e\/1FAIpQLSfxt86R-9zOojC2E6bCYjllsZVZCfcTmvx7ATQrNNsyf9pNOg\/viewform\">\n\t\t\t\t\t\t<span class=\"elementor-button-content-wrapper\">\n\t\t\t\t\t\t\t\t\t<span class=\"elementor-button-text\">Ir al form de mantenimiento<\/span>\n\t\t\t\t\t<\/span>\n\t\t\t\t\t<\/a>\n\t\t\t\t\t\t\t\t<\/div>\n\t\t\t\t<\/div>\n\t\t<div class=\"elementor-element elementor-element-9e75968 e-con-full e-flex e-con e-child\" data-id=\"9e75968\" data-element_type=\"container\">\n\t\t\t\t<div class=\"elementor-element elementor-element-11f5b87 elementor-widget elementor-widget-image\" data-id=\"11f5b87\" data-element_type=\"widget\" data-widget_type=\"image.default\">\n\t\t\t\t\t\t\t\t\t\t\t\t\t\t\t<img decoding=\"async\" width=\"1024\" height=\"1024\" src=\"https:\/\/ingenieriadsi.mx\/wp-content\/uploads\/2025\/10\/Servicios-y-atencion-telefonica.png\" class=\"attachment-2048x2048 size-2048x2048 wp-image-214\" alt=\"\" srcset=\"https:\/\/ingenieriadsi.mx\/wp-content\/uploads\/2025\/10\/Servicios-y-atencion-telefonica.png 1024w, https:\/\/ingenieriadsi.mx\/wp-content\/uploads\/2025\/10\/Servicios-y-atencion-telefonica-300x300.png 300w, https:\/\/ingenieriadsi.mx\/wp-content\/uploads\/2025\/10\/Servicios-y-atencion-telefonica-150x150.png 150w, https:\/\/ingenieriadsi.mx\/wp-content\/uploads\/2025\/10\/Servicios-y-atencion-telefonica-768x768.png 768w\" sizes=\"(max-width: 1024px) 100vw, 1024px\" \/>\t\t\t\t\t\t\t\t\t\t\t\t\t\t\t<\/div>\n\t\t\t\t<div class=\"elementor-element elementor-element-fea1059 elementor-widget elementor-widget-heading\" data-id=\"fea1059\" data-element_type=\"widget\" data-widget_type=\"heading.default\">\n\t\t\t\t\t<h2 class=\"elementor-heading-title elementor-size-default\">Serv. y Atenci\u00f3n Telef\u00f3nica<\/h2>\t\t\t\t<\/div>\n\t\t\t\t<div class=\"elementor-element elementor-element-72b6dea elementor-align-justify elementor-widget elementor-widget-button\" data-id=\"72b6dea\" data-element_type=\"widget\" data-widget_type=\"button.default\">\n\t\t\t\t\t\t\t\t\t\t<a class=\"elementor-button elementor-button-link elementor-size-sm\" href=\"https:\/\/docs.google.com\/forms\/d\/e\/1FAIpQLSeJd1qJ1Xe9jK6rGIax1Q-cNUmRFITsvEzWXDRWbX9QPAGVzw\/viewform\">\n\t\t\t\t\t\t<span class=\"elementor-button-content-wrapper\">\n\t\t\t\t\t\t\t\t\t<span class=\"elementor-button-text\">Ir al form de servicios<\/span>\n\t\t\t\t\t<\/span>\n\t\t\t\t\t<\/a>\n\t\t\t\t\t\t\t\t<\/div>\n\t\t\t\t<\/div>\n\t\t<div class=\"elementor-element elementor-element-275df70 e-con-full e-flex e-con e-child\" data-id=\"275df70\" data-element_type=\"container\">\n\t\t\t\t<div class=\"elementor-element elementor-element-0a8706c elementor-widget elementor-widget-image\" data-id=\"0a8706c\" data-element_type=\"widget\" data-widget_type=\"image.default\">\n\t\t\t\t\t\t\t\t\t\t\t\t\t\t\t<img decoding=\"async\" width=\"1024\" height=\"1024\" src=\"https:\/\/ingenieriadsi.mx\/wp-content\/uploads\/2025\/10\/Refacciones.png\" class=\"attachment-2048x2048 size-2048x2048 wp-image-215\" alt=\"\" srcset=\"https:\/\/ingenieriadsi.mx\/wp-content\/uploads\/2025\/10\/Refacciones.png 1024w, https:\/\/ingenieriadsi.mx\/wp-content\/uploads\/2025\/10\/Refacciones-300x300.png 300w, https:\/\/ingenieriadsi.mx\/wp-content\/uploads\/2025\/10\/Refacciones-150x150.png 150w, https:\/\/ingenieriadsi.mx\/wp-content\/uploads\/2025\/10\/Refacciones-768x768.png 768w\" sizes=\"(max-width: 1024px) 100vw, 1024px\" \/>\t\t\t\t\t\t\t\t\t\t\t\t\t\t\t<\/div>\n\t\t\t\t<div class=\"elementor-element elementor-element-72ac07f elementor-widget elementor-widget-heading\" data-id=\"72ac07f\" data-element_type=\"widget\" data-widget_type=\"heading.default\">\n\t\t\t\t\t<h2 class=\"elementor-heading-title elementor-size-default\">Solicitud de Refacciones<\/h2>\t\t\t\t<\/div>\n\t\t\t\t<div class=\"elementor-element elementor-element-b4d39ee elementor-align-justify elementor-widget elementor-widget-button\" data-id=\"b4d39ee\" data-element_type=\"widget\" data-widget_type=\"button.default\">\n\t\t\t\t\t\t\t\t\t\t<a class=\"elementor-button elementor-button-link elementor-size-sm\" href=\"https:\/\/docs.google.com\/forms\/d\/e\/1FAIpQLScbjYKHyCTWuBAi0txNtnuJ1VaO9r_XpBkBVg2s2Lux1CqVDw\/viewform\">\n\t\t\t\t\t\t<span class=\"elementor-button-content-wrapper\">\n\t\t\t\t\t\t\t\t\t<span class=\"elementor-button-text\">Ir al form de refacciones<\/span>\n\t\t\t\t\t<\/span>\n\t\t\t\t\t<\/a>\n\t\t\t\t\t\t\t\t<\/div>\n\t\t\t\t<\/div>\n\t\t<div class=\"elementor-element elementor-element-4643c01 e-con-full e-flex e-con e-child\" data-id=\"4643c01\" data-element_type=\"container\">\n\t\t\t\t<\/div>\n\t\t<div class=\"elementor-element elementor-element-81d07ef e-con-full e-flex e-con e-child\" data-id=\"81d07ef\" data-element_type=\"container\">\n\t\t\t\t<\/div>\n\t\t<div class=\"elementor-element elementor-element-6f1757d e-con-full e-flex e-con e-child\" data-id=\"6f1757d\" data-element_type=\"container\">\n\t\t\t\t<\/div>\n\t\t\t\t\t<\/div>\n\t\t\t\t<\/div>\n\t\t\t\t<\/div>\n\t\t","protected":false},"excerpt":{"rendered":"<p>En esta secci\u00f3n encontrar\u00e1s documentaci\u00f3n dirigida al personal externo de DSI.No es necesario contar con un registro previo para acceder a la informaci\u00f3n. Simplemente haz clic en los enlaces que mejor se adapten a tus necesidades y podr\u00e1s consultar o descargar los documentos disponibles. Mantenimientos Preventivos Ir al form de mantenimiento Serv. y Atenci\u00f3n Telef\u00f3nica [&hellip;]<\/p>\n","protected":false},"author":1,"featured_media":0,"parent":0,"menu_order":0,"comment_status":"closed","ping_status":"closed","template":"","meta":{"vkexunit_cta_each_option":"","footnotes":""},"class_list":["post-212","page","type-page","status-publish","hentry"],"yoast_head":"<!-- This site is optimized with the Yoast SEO plugin v26.1.1 - https:\/\/yoast.com\/wordpress\/plugins\/seo\/ -->\n<title>Documentaci\u00f3n Externa - DSI - Servicios e Ingenier\u00eda<\/title>\n<meta name=\"robots\" content=\"index, follow, max-snippet:-1, max-image-preview:large, max-video-preview:-1\" \/>\n<link rel=\"canonical\" href=\"https:\/\/ingenieriadsi.mx\/index.php\/externos\/\" \/>\n<meta property=\"og:locale\" content=\"es_ES\" \/>\n<meta property=\"og:type\" content=\"article\" \/>\n<meta property=\"og:title\" content=\"Documentaci\u00f3n Externa - DSI - Servicios e Ingenier\u00eda\" \/>\n<meta property=\"og:description\" content=\"En esta secci\u00f3n encontrar\u00e1s documentaci\u00f3n dirigida al personal externo de DSI.No es necesario contar con un registro previo para acceder a la informaci\u00f3n. Simplemente haz clic en los enlaces que mejor se adapten a tus necesidades y podr\u00e1s consultar o descargar los documentos disponibles. Mantenimientos Preventivos Ir al form de mantenimiento Serv. y Atenci\u00f3n Telef\u00f3nica [&hellip;]\" \/>\n<meta property=\"og:url\" content=\"https:\/\/ingenieriadsi.mx\/index.php\/externos\/\" \/>\n<meta property=\"og:site_name\" content=\"DSI - Servicios e Ingenier\u00eda\" \/>\n<meta property=\"article:modified_time\" content=\"2025-10-29T18:47:23+00:00\" \/>\n<meta property=\"og:image\" content=\"https:\/\/ingenieriadsi.mx\/wp-content\/uploads\/2025\/10\/Mantenimiento-preventivo.png\" \/>\n\t<meta property=\"og:image:width\" content=\"1024\" \/>\n\t<meta property=\"og:image:height\" content=\"1024\" \/>\n\t<meta property=\"og:image:type\" content=\"image\/png\" \/>\n<meta name=\"twitter:card\" content=\"summary_large_image\" \/>\n<meta name=\"twitter:label1\" content=\"Tiempo de lectura\" \/>\n\t<meta name=\"twitter:data1\" content=\"1 minuto\" \/>\n<script type=\"application\/ld+json\" class=\"yoast-schema-graph\">{\"@context\":\"https:\/\/schema.org\",\"@graph\":[{\"@type\":\"WebPage\",\"@id\":\"https:\/\/ingenieriadsi.mx\/index.php\/externos\/\",\"url\":\"https:\/\/ingenieriadsi.mx\/index.php\/externos\/\",\"name\":\"Documentaci\u00f3n Externa - DSI - Servicios e Ingenier\u00eda\",\"isPartOf\":{\"@id\":\"https:\/\/ingenieriadsi.mx\/#website\"},\"primaryImageOfPage\":{\"@id\":\"https:\/\/ingenieriadsi.mx\/index.php\/externos\/#primaryimage\"},\"image\":{\"@id\":\"https:\/\/ingenieriadsi.mx\/index.php\/externos\/#primaryimage\"},\"thumbnailUrl\":\"https:\/\/ingenieriadsi.mx\/wp-content\/uploads\/2025\/10\/Mantenimiento-preventivo.png\",\"datePublished\":\"2025-10-29T18:26:56+00:00\",\"dateModified\":\"2025-10-29T18:47:23+00:00\",\"breadcrumb\":{\"@id\":\"https:\/\/ingenieriadsi.mx\/index.php\/externos\/#breadcrumb\"},\"inLanguage\":\"es\",\"potentialAction\":[{\"@type\":\"ReadAction\",\"target\":[\"https:\/\/ingenieriadsi.mx\/index.php\/externos\/\"]}]},{\"@type\":\"ImageObject\",\"inLanguage\":\"es\",\"@id\":\"https:\/\/ingenieriadsi.mx\/index.php\/externos\/#primaryimage\",\"url\":\"https:\/\/ingenieriadsi.mx\/wp-content\/uploads\/2025\/10\/Mantenimiento-preventivo.png\",\"contentUrl\":\"https:\/\/ingenieriadsi.mx\/wp-content\/uploads\/2025\/10\/Mantenimiento-preventivo.png\",\"width\":1024,\"height\":1024},{\"@type\":\"BreadcrumbList\",\"@id\":\"https:\/\/ingenieriadsi.mx\/index.php\/externos\/#breadcrumb\",\"itemListElement\":[{\"@type\":\"ListItem\",\"position\":1,\"name\":\"Portada\",\"item\":\"https:\/\/ingenieriadsi.mx\/\"},{\"@type\":\"ListItem\",\"position\":2,\"name\":\"Documentaci\u00f3n Externa\"}]},{\"@type\":\"WebSite\",\"@id\":\"https:\/\/ingenieriadsi.mx\/#website\",\"url\":\"https:\/\/ingenieriadsi.mx\/\",\"name\":\"DSI - Servicios e Ingenier\u00eda\",\"description\":\"Innovaci\u00f3n y confianza en servicios integrales para laboratorios cl\u00ednicos.\",\"potentialAction\":[{\"@type\":\"SearchAction\",\"target\":{\"@type\":\"EntryPoint\",\"urlTemplate\":\"https:\/\/ingenieriadsi.mx\/?s={search_term_string}\"},\"query-input\":{\"@type\":\"PropertyValueSpecification\",\"valueRequired\":true,\"valueName\":\"search_term_string\"}}],\"inLanguage\":\"es\"}]}<\/script>\n<!-- \/ Yoast SEO plugin. -->","yoast_head_json":{"title":"Documentaci\u00f3n Externa - DSI - Servicios e Ingenier\u00eda","robots":{"index":"index","follow":"follow","max-snippet":"max-snippet:-1","max-image-preview":"max-image-preview:large","max-video-preview":"max-video-preview:-1"},"canonical":"https:\/\/ingenieriadsi.mx\/index.php\/externos\/","og_locale":"es_ES","og_type":"article","og_title":"Documentaci\u00f3n Externa - DSI - Servicios e Ingenier\u00eda","og_description":"En esta secci\u00f3n encontrar\u00e1s documentaci\u00f3n dirigida al personal externo de DSI.No es necesario contar con un registro previo para acceder a la informaci\u00f3n. Simplemente haz clic en los enlaces que mejor se adapten a tus necesidades y podr\u00e1s consultar o descargar los documentos disponibles. Mantenimientos Preventivos Ir al form de mantenimiento Serv. y Atenci\u00f3n Telef\u00f3nica [&hellip;]","og_url":"https:\/\/ingenieriadsi.mx\/index.php\/externos\/","og_site_name":"DSI - Servicios e Ingenier\u00eda","article_modified_time":"2025-10-29T18:47:23+00:00","og_image":[{"width":1024,"height":1024,"url":"https:\/\/ingenieriadsi.mx\/wp-content\/uploads\/2025\/10\/Mantenimiento-preventivo.png","type":"image\/png"}],"twitter_card":"summary_large_image","twitter_misc":{"Tiempo de lectura":"1 minuto"},"schema":{"@context":"https:\/\/schema.org","@graph":[{"@type":"WebPage","@id":"https:\/\/ingenieriadsi.mx\/index.php\/externos\/","url":"https:\/\/ingenieriadsi.mx\/index.php\/externos\/","name":"Documentaci\u00f3n Externa - DSI - Servicios e Ingenier\u00eda","isPartOf":{"@id":"https:\/\/ingenieriadsi.mx\/#website"},"primaryImageOfPage":{"@id":"https:\/\/ingenieriadsi.mx\/index.php\/externos\/#primaryimage"},"image":{"@id":"https:\/\/ingenieriadsi.mx\/index.php\/externos\/#primaryimage"},"thumbnailUrl":"https:\/\/ingenieriadsi.mx\/wp-content\/uploads\/2025\/10\/Mantenimiento-preventivo.png","datePublished":"2025-10-29T18:26:56+00:00","dateModified":"2025-10-29T18:47:23+00:00","breadcrumb":{"@id":"https:\/\/ingenieriadsi.mx\/index.php\/externos\/#breadcrumb"},"inLanguage":"es","potentialAction":[{"@type":"ReadAction","target":["https:\/\/ingenieriadsi.mx\/index.php\/externos\/"]}]},{"@type":"ImageObject","inLanguage":"es","@id":"https:\/\/ingenieriadsi.mx\/index.php\/externos\/#primaryimage","url":"https:\/\/ingenieriadsi.mx\/wp-content\/uploads\/2025\/10\/Mantenimiento-preventivo.png","contentUrl":"https:\/\/ingenieriadsi.mx\/wp-content\/uploads\/2025\/10\/Mantenimiento-preventivo.png","width":1024,"height":1024},{"@type":"BreadcrumbList","@id":"https:\/\/ingenieriadsi.mx\/index.php\/externos\/#breadcrumb","itemListElement":[{"@type":"ListItem","position":1,"name":"Portada","item":"https:\/\/ingenieriadsi.mx\/"},{"@type":"ListItem","position":2,"name":"Documentaci\u00f3n Externa"}]},{"@type":"WebSite","@id":"https:\/\/ingenieriadsi.mx\/#website","url":"https:\/\/ingenieriadsi.mx\/","name":"DSI - Servicios e Ingenier\u00eda","description":"Innovaci\u00f3n y confianza en servicios integrales para laboratorios cl\u00ednicos.","potentialAction":[{"@type":"SearchAction","target":{"@type":"EntryPoint","urlTemplate":"https:\/\/ingenieriadsi.mx\/?s={search_term_string}"},"query-input":{"@type":"PropertyValueSpecification","valueRequired":true,"valueName":"search_term_string"}}],"inLanguage":"es"}]}},"_links":{"self":[{"href":"https:\/\/ingenieriadsi.mx\/index.php\/wp-json\/wp\/v2\/pages\/212","targetHints":{"allow":["GET"]}}],"collection":[{"href":"https:\/\/ingenieriadsi.mx\/index.php\/wp-json\/wp\/v2\/pages"}],"about":[{"href":"https:\/\/ingenieriadsi.mx\/index.php\/wp-json\/wp\/v2\/types\/page"}],"author":[{"embeddable":true,"href":"https:\/\/ingenieriadsi.mx\/index.php\/wp-json\/wp\/v2\/users\/1"}],"replies":[{"embeddable":true,"href":"https:\/\/ingenieriadsi.mx\/index.php\/wp-json\/wp\/v2\/comments?post=212"}],"version-history":[{"count":16,"href":"https:\/\/ingenieriadsi.mx\/index.php\/wp-json\/wp\/v2\/pages\/212\/revisions"}],"predecessor-version":[{"id":237,"href":"https:\/\/ingenieriadsi.mx\/index.php\/wp-json\/wp\/v2\/pages\/212\/revisions\/237"}],"wp:attachment":[{"href":"https:\/\/ingenieriadsi.mx\/index.php\/wp-json\/wp\/v2\/media?parent=212"}],"curies":[{"name":"wp","href":"https:\/\/api.w.org\/{rel}","templated":true}]}}