{"id":168,"date":"2025-10-13T04:11:14","date_gmt":"2025-10-13T04:11:14","guid":{"rendered":"https:\/\/ingenieriadsi.mx\/?page_id=168"},"modified":"2025-10-29T18:35:21","modified_gmt":"2025-10-29T18:35:21","slug":"zona-dsi","status":"publish","type":"page","link":"https:\/\/ingenieriadsi.mx\/index.php\/zona-dsi\/","title":{"rendered":"Zona DSI"},"content":{"rendered":"\t\t<div data-elementor-type=\"wp-page\" data-elementor-id=\"168\" class=\"elementor elementor-168\">\n\t\t\t\t<div class=\"elementor-element elementor-element-a8bfc19 e-flex e-con-boxed e-con e-parent\" data-id=\"a8bfc19\" data-element_type=\"container\">\n\t\t\t\t\t<div class=\"e-con-inner\">\n\t\t\t\t<div class=\"elementor-element elementor-element-71e3765 elementor-widget elementor-widget-text-editor\" data-id=\"71e3765\" data-element_type=\"widget\" data-widget_type=\"text-editor.default\">\n\t\t\t\t\t\t\t\t\t<p style=\"text-align: center;\" data-start=\"100\" data-end=\"208\">Bienvenido a la <strong data-start=\"116\" data-end=\"128\">Zona DSI<\/strong>, el espacio donde podr\u00e1s acceder a la documentaci\u00f3n importante de la empresa.<\/p><p style=\"text-align: center;\" data-start=\"210\" data-end=\"419\">En esta secci\u00f3n encontrar\u00e1s informaci\u00f3n destinada tanto a <strong data-start=\"268\" data-end=\"288\">personal interno<\/strong> como <strong data-start=\"294\" data-end=\"305\">externo<\/strong>.<br data-start=\"306\" data-end=\"309\" \/>Ten en cuenta que la <strong data-start=\"330\" data-end=\"355\">documentaci\u00f3n interna<\/strong> solo estar\u00e1 disponible para usuarios <strong data-start=\"393\" data-end=\"416\">con registro previo<\/strong>.<\/p><p style=\"text-align: center;\" data-start=\"421\" data-end=\"559\">Por favor, haz clic en el apartado que corresponda a tus necesidades de b\u00fasqueda para acceder a los documentos o recursos que requieras.<\/p>\t\t\t\t\t\t\t\t<\/div>\n\t\t\t\t\t<\/div>\n\t\t\t\t<\/div>\n\t\t<div class=\"elementor-element elementor-element-b3f9b58 e-flex e-con-boxed e-con e-parent\" data-id=\"b3f9b58\" data-element_type=\"container\">\n\t\t\t\t\t<div class=\"e-con-inner\">\n\t\t<div class=\"elementor-element elementor-element-27f5999 e-con-full e-flex e-con e-child\" data-id=\"27f5999\" data-element_type=\"container\">\n\t\t\t\t<div class=\"elementor-element elementor-element-53cab83 elementor-widget elementor-widget-image\" data-id=\"53cab83\" data-element_type=\"widget\" data-widget_type=\"image.default\">\n\t\t\t\t\t\t\t\t\t\t\t\t\t\t\t<img fetchpriority=\"high\" decoding=\"async\" width=\"1024\" height=\"256\" src=\"https:\/\/ingenieriadsi.mx\/wp-content\/uploads\/2025\/10\/Internos-1024x256.jpg\" class=\"attachment-large size-large wp-image-189\" alt=\"\" srcset=\"https:\/\/ingenieriadsi.mx\/wp-content\/uploads\/2025\/10\/Internos-1024x256.jpg 1024w, https:\/\/ingenieriadsi.mx\/wp-content\/uploads\/2025\/10\/Internos-300x75.jpg 300w, https:\/\/ingenieriadsi.mx\/wp-content\/uploads\/2025\/10\/Internos-768x192.jpg 768w, https:\/\/ingenieriadsi.mx\/wp-content\/uploads\/2025\/10\/Internos-1536x383.jpg 1536w, https:\/\/ingenieriadsi.mx\/wp-content\/uploads\/2025\/10\/Internos-2048x511.jpg 2048w\" sizes=\"(max-width: 1024px) 100vw, 1024px\" \/>\t\t\t\t\t\t\t\t\t\t\t\t\t\t\t<\/div>\n\t\t\t\t<div class=\"elementor-element elementor-element-183de0c elementor-align-justify elementor-widget elementor-widget-button\" data-id=\"183de0c\" data-element_type=\"widget\" data-widget_type=\"button.default\">\n\t\t\t\t\t\t\t\t\t\t<a class=\"elementor-button elementor-button-link elementor-size-sm\" href=\"https:\/\/sites.google.com\/d\/1Nnyx_V5dddpBIjZd9oEJ3ydfCSm2_V5Q\/p\/1vFeOkm0Ek0O9P3G7njG-QEkd1dNj_8kP\/edit\" target=\"_blank\">\n\t\t\t\t\t\t<span class=\"elementor-button-content-wrapper\">\n\t\t\t\t\t\t\t\t\t<span class=\"elementor-button-text\">Haz clic aqu\u00ed<\/span>\n\t\t\t\t\t<\/span>\n\t\t\t\t\t<\/a>\n\t\t\t\t\t\t\t\t<\/div>\n\t\t\t\t<\/div>\n\t\t<div class=\"elementor-element elementor-element-aeff67a e-con-full e-flex e-con e-child\" data-id=\"aeff67a\" data-element_type=\"container\">\n\t\t\t\t<div class=\"elementor-element elementor-element-b48ff20 elementor-widget elementor-widget-image\" data-id=\"b48ff20\" data-element_type=\"widget\" data-widget_type=\"image.default\">\n\t\t\t\t\t\t\t\t\t\t\t\t\t\t\t<img decoding=\"async\" width=\"1024\" height=\"256\" src=\"https:\/\/ingenieriadsi.mx\/wp-content\/uploads\/2025\/10\/Externos-1024x256.jpg\" class=\"attachment-large size-large wp-image-188\" alt=\"\" srcset=\"https:\/\/ingenieriadsi.mx\/wp-content\/uploads\/2025\/10\/Externos-1024x256.jpg 1024w, https:\/\/ingenieriadsi.mx\/wp-content\/uploads\/2025\/10\/Externos-300x75.jpg 300w, https:\/\/ingenieriadsi.mx\/wp-content\/uploads\/2025\/10\/Externos-768x192.jpg 768w, https:\/\/ingenieriadsi.mx\/wp-content\/uploads\/2025\/10\/Externos-1536x383.jpg 1536w, https:\/\/ingenieriadsi.mx\/wp-content\/uploads\/2025\/10\/Externos-2048x511.jpg 2048w\" sizes=\"(max-width: 1024px) 100vw, 1024px\" \/>\t\t\t\t\t\t\t\t\t\t\t\t\t\t\t<\/div>\n\t\t\t\t<div class=\"elementor-element elementor-element-2d304f5 elementor-align-justify elementor-widget elementor-widget-button\" data-id=\"2d304f5\" data-element_type=\"widget\" data-widget_type=\"button.default\">\n\t\t\t\t\t\t\t\t\t\t<a class=\"elementor-button elementor-button-link elementor-size-sm\" href=\"https:\/\/ingenieriadsi.mx\/index.php\/externos\/\">\n\t\t\t\t\t\t<span class=\"elementor-button-content-wrapper\">\n\t\t\t\t\t\t\t\t\t<span class=\"elementor-button-text\">Haz clic aqu\u00ed<\/span>\n\t\t\t\t\t<\/span>\n\t\t\t\t\t<\/a>\n\t\t\t\t\t\t\t\t<\/div>\n\t\t\t\t<\/div>\n\t\t\t\t\t<\/div>\n\t\t\t\t<\/div>\n\t\t\t\t<\/div>\n\t\t","protected":false},"excerpt":{"rendered":"<p>Bienvenido a la Zona DSI, el espacio donde podr\u00e1s acceder a la documentaci\u00f3n importante de la empresa. En esta secci\u00f3n encontrar\u00e1s informaci\u00f3n destinada tanto a personal interno como externo.Ten en cuenta que la documentaci\u00f3n interna solo estar\u00e1 disponible para usuarios con registro previo. Por favor, haz clic en el apartado que corresponda a tus necesidades [&hellip;]<\/p>\n","protected":false},"author":1,"featured_media":0,"parent":0,"menu_order":0,"comment_status":"closed","ping_status":"closed","template":"","meta":{"vkexunit_cta_each_option":"","footnotes":""},"class_list":["post-168","page","type-page","status-publish","hentry"],"yoast_head":"<!-- This site is optimized with the Yoast SEO plugin v26.1.1 - https:\/\/yoast.com\/wordpress\/plugins\/seo\/ -->\n<title>Zona DSI - DSI - Servicios e Ingenier\u00eda<\/title>\n<meta name=\"robots\" content=\"index, follow, max-snippet:-1, max-image-preview:large, max-video-preview:-1\" \/>\n<link rel=\"canonical\" href=\"https:\/\/ingenieriadsi.mx\/index.php\/zona-dsi\/\" \/>\n<meta property=\"og:locale\" content=\"es_ES\" \/>\n<meta property=\"og:type\" content=\"article\" \/>\n<meta property=\"og:title\" content=\"Zona DSI - DSI - Servicios e Ingenier\u00eda\" \/>\n<meta property=\"og:description\" content=\"Bienvenido a la Zona DSI, el espacio donde podr\u00e1s acceder a la documentaci\u00f3n importante de la empresa. En esta secci\u00f3n encontrar\u00e1s informaci\u00f3n destinada tanto a personal interno como externo.Ten en cuenta que la documentaci\u00f3n interna solo estar\u00e1 disponible para usuarios con registro previo. Por favor, haz clic en el apartado que corresponda a tus necesidades [&hellip;]\" \/>\n<meta property=\"og:url\" content=\"https:\/\/ingenieriadsi.mx\/index.php\/zona-dsi\/\" \/>\n<meta property=\"og:site_name\" content=\"DSI - Servicios e Ingenier\u00eda\" \/>\n<meta property=\"article:modified_time\" content=\"2025-10-29T18:35:21+00:00\" \/>\n<meta property=\"og:image\" content=\"https:\/\/ingenieriadsi.mx\/wp-content\/uploads\/2025\/10\/Internos.jpg\" \/>\n\t<meta property=\"og:image:width\" content=\"2227\" \/>\n\t<meta property=\"og:image:height\" content=\"556\" \/>\n\t<meta property=\"og:image:type\" content=\"image\/jpeg\" \/>\n<meta name=\"twitter:card\" content=\"summary_large_image\" \/>\n<meta name=\"twitter:label1\" content=\"Tiempo de lectura\" \/>\n\t<meta name=\"twitter:data1\" content=\"1 minuto\" \/>\n<script type=\"application\/ld+json\" class=\"yoast-schema-graph\">{\"@context\":\"https:\/\/schema.org\",\"@graph\":[{\"@type\":\"WebPage\",\"@id\":\"https:\/\/ingenieriadsi.mx\/index.php\/zona-dsi\/\",\"url\":\"https:\/\/ingenieriadsi.mx\/index.php\/zona-dsi\/\",\"name\":\"Zona DSI - DSI - Servicios e Ingenier\u00eda\",\"isPartOf\":{\"@id\":\"https:\/\/ingenieriadsi.mx\/#website\"},\"primaryImageOfPage\":{\"@id\":\"https:\/\/ingenieriadsi.mx\/index.php\/zona-dsi\/#primaryimage\"},\"image\":{\"@id\":\"https:\/\/ingenieriadsi.mx\/index.php\/zona-dsi\/#primaryimage\"},\"thumbnailUrl\":\"https:\/\/ingenieriadsi.mx\/wp-content\/uploads\/2025\/10\/Internos-1024x256.jpg\",\"datePublished\":\"2025-10-13T04:11:14+00:00\",\"dateModified\":\"2025-10-29T18:35:21+00:00\",\"breadcrumb\":{\"@id\":\"https:\/\/ingenieriadsi.mx\/index.php\/zona-dsi\/#breadcrumb\"},\"inLanguage\":\"es\",\"potentialAction\":[{\"@type\":\"ReadAction\",\"target\":[\"https:\/\/ingenieriadsi.mx\/index.php\/zona-dsi\/\"]}]},{\"@type\":\"ImageObject\",\"inLanguage\":\"es\",\"@id\":\"https:\/\/ingenieriadsi.mx\/index.php\/zona-dsi\/#primaryimage\",\"url\":\"https:\/\/ingenieriadsi.mx\/wp-content\/uploads\/2025\/10\/Internos.jpg\",\"contentUrl\":\"https:\/\/ingenieriadsi.mx\/wp-content\/uploads\/2025\/10\/Internos.jpg\",\"width\":2227,\"height\":556},{\"@type\":\"BreadcrumbList\",\"@id\":\"https:\/\/ingenieriadsi.mx\/index.php\/zona-dsi\/#breadcrumb\",\"itemListElement\":[{\"@type\":\"ListItem\",\"position\":1,\"name\":\"Portada\",\"item\":\"https:\/\/ingenieriadsi.mx\/\"},{\"@type\":\"ListItem\",\"position\":2,\"name\":\"Zona DSI\"}]},{\"@type\":\"WebSite\",\"@id\":\"https:\/\/ingenieriadsi.mx\/#website\",\"url\":\"https:\/\/ingenieriadsi.mx\/\",\"name\":\"DSI - Servicios e Ingenier\u00eda\",\"description\":\"Innovaci\u00f3n y confianza en servicios integrales para laboratorios cl\u00ednicos.\",\"potentialAction\":[{\"@type\":\"SearchAction\",\"target\":{\"@type\":\"EntryPoint\",\"urlTemplate\":\"https:\/\/ingenieriadsi.mx\/?s={search_term_string}\"},\"query-input\":{\"@type\":\"PropertyValueSpecification\",\"valueRequired\":true,\"valueName\":\"search_term_string\"}}],\"inLanguage\":\"es\"}]}<\/script>\n<!-- \/ Yoast SEO plugin. -->","yoast_head_json":{"title":"Zona DSI - DSI - Servicios e Ingenier\u00eda","robots":{"index":"index","follow":"follow","max-snippet":"max-snippet:-1","max-image-preview":"max-image-preview:large","max-video-preview":"max-video-preview:-1"},"canonical":"https:\/\/ingenieriadsi.mx\/index.php\/zona-dsi\/","og_locale":"es_ES","og_type":"article","og_title":"Zona DSI - DSI - Servicios e Ingenier\u00eda","og_description":"Bienvenido a la Zona DSI, el espacio donde podr\u00e1s acceder a la documentaci\u00f3n importante de la empresa. En esta secci\u00f3n encontrar\u00e1s informaci\u00f3n destinada tanto a personal interno como externo.Ten en cuenta que la documentaci\u00f3n interna solo estar\u00e1 disponible para usuarios con registro previo. Por favor, haz clic en el apartado que corresponda a tus necesidades [&hellip;]","og_url":"https:\/\/ingenieriadsi.mx\/index.php\/zona-dsi\/","og_site_name":"DSI - Servicios e Ingenier\u00eda","article_modified_time":"2025-10-29T18:35:21+00:00","og_image":[{"width":2227,"height":556,"url":"https:\/\/ingenieriadsi.mx\/wp-content\/uploads\/2025\/10\/Internos.jpg","type":"image\/jpeg"}],"twitter_card":"summary_large_image","twitter_misc":{"Tiempo de lectura":"1 minuto"},"schema":{"@context":"https:\/\/schema.org","@graph":[{"@type":"WebPage","@id":"https:\/\/ingenieriadsi.mx\/index.php\/zona-dsi\/","url":"https:\/\/ingenieriadsi.mx\/index.php\/zona-dsi\/","name":"Zona DSI - DSI - Servicios e Ingenier\u00eda","isPartOf":{"@id":"https:\/\/ingenieriadsi.mx\/#website"},"primaryImageOfPage":{"@id":"https:\/\/ingenieriadsi.mx\/index.php\/zona-dsi\/#primaryimage"},"image":{"@id":"https:\/\/ingenieriadsi.mx\/index.php\/zona-dsi\/#primaryimage"},"thumbnailUrl":"https:\/\/ingenieriadsi.mx\/wp-content\/uploads\/2025\/10\/Internos-1024x256.jpg","datePublished":"2025-10-13T04:11:14+00:00","dateModified":"2025-10-29T18:35:21+00:00","breadcrumb":{"@id":"https:\/\/ingenieriadsi.mx\/index.php\/zona-dsi\/#breadcrumb"},"inLanguage":"es","potentialAction":[{"@type":"ReadAction","target":["https:\/\/ingenieriadsi.mx\/index.php\/zona-dsi\/"]}]},{"@type":"ImageObject","inLanguage":"es","@id":"https:\/\/ingenieriadsi.mx\/index.php\/zona-dsi\/#primaryimage","url":"https:\/\/ingenieriadsi.mx\/wp-content\/uploads\/2025\/10\/Internos.jpg","contentUrl":"https:\/\/ingenieriadsi.mx\/wp-content\/uploads\/2025\/10\/Internos.jpg","width":2227,"height":556},{"@type":"BreadcrumbList","@id":"https:\/\/ingenieriadsi.mx\/index.php\/zona-dsi\/#breadcrumb","itemListElement":[{"@type":"ListItem","position":1,"name":"Portada","item":"https:\/\/ingenieriadsi.mx\/"},{"@type":"ListItem","position":2,"name":"Zona DSI"}]},{"@type":"WebSite","@id":"https:\/\/ingenieriadsi.mx\/#website","url":"https:\/\/ingenieriadsi.mx\/","name":"DSI - Servicios e Ingenier\u00eda","description":"Innovaci\u00f3n y confianza en servicios integrales para laboratorios cl\u00ednicos.","potentialAction":[{"@type":"SearchAction","target":{"@type":"EntryPoint","urlTemplate":"https:\/\/ingenieriadsi.mx\/?s={search_term_string}"},"query-input":{"@type":"PropertyValueSpecification","valueRequired":true,"valueName":"search_term_string"}}],"inLanguage":"es"}]}},"_links":{"self":[{"href":"https:\/\/ingenieriadsi.mx\/index.php\/wp-json\/wp\/v2\/pages\/168","targetHints":{"allow":["GET"]}}],"collection":[{"href":"https:\/\/ingenieriadsi.mx\/index.php\/wp-json\/wp\/v2\/pages"}],"about":[{"href":"https:\/\/ingenieriadsi.mx\/index.php\/wp-json\/wp\/v2\/types\/page"}],"author":[{"embeddable":true,"href":"https:\/\/ingenieriadsi.mx\/index.php\/wp-json\/wp\/v2\/users\/1"}],"replies":[{"embeddable":true,"href":"https:\/\/ingenieriadsi.mx\/index.php\/wp-json\/wp\/v2\/comments?post=168"}],"version-history":[{"count":19,"href":"https:\/\/ingenieriadsi.mx\/index.php\/wp-json\/wp\/v2\/pages\/168\/revisions"}],"predecessor-version":[{"id":225,"href":"https:\/\/ingenieriadsi.mx\/index.php\/wp-json\/wp\/v2\/pages\/168\/revisions\/225"}],"wp:attachment":[{"href":"https:\/\/ingenieriadsi.mx\/index.php\/wp-json\/wp\/v2\/media?parent=168"}],"curies":[{"name":"wp","href":"https:\/\/api.w.org\/{rel}","templated":true}]}}