{"id":152,"date":"2025-10-13T03:38:15","date_gmt":"2025-10-13T03:38:15","guid":{"rendered":"https:\/\/ingenieriadsi.mx\/?page_id=152"},"modified":"2025-10-13T03:51:15","modified_gmt":"2025-10-13T03:51:15","slug":"solicita-cotizacion","status":"publish","type":"page","link":"https:\/\/ingenieriadsi.mx\/index.php\/solicita-cotizacion\/","title":{"rendered":"Solicita Cotizacion"},"content":{"rendered":"\t\t<div data-elementor-type=\"wp-page\" data-elementor-id=\"152\" class=\"elementor elementor-152\">\n\t\t\t\t<div class=\"elementor-element elementor-element-2ba8b40 e-flex e-con-boxed e-con e-parent\" data-id=\"2ba8b40\" data-element_type=\"container\">\n\t\t\t\t\t<div class=\"e-con-inner\">\n\t\t\t\t<div class=\"elementor-element elementor-element-420df25 elementor-widget elementor-widget-html\" data-id=\"420df25\" data-element_type=\"widget\" data-widget_type=\"html.default\">\n\t\t\t\t\t<iframe src=\"https:\/\/docs.google.com\/forms\/d\/e\/1FAIpQLSe_WPzk_x1JZAL1qpsE34Zu3Keqave5cMMx8JKUlCH4Y4Ypfg\/viewform?embedded=true\" width=\"640\" height=\"950\" frameborder=\"0\" marginheight=\"0\" marginwidth=\"0\">Cargando\u2026<\/iframe>\t\t\t\t<\/div>\n\t\t\t\t\t<\/div>\n\t\t\t\t<\/div>\n\t\t\t\t<\/div>\n\t\t","protected":false},"excerpt":{"rendered":"<p>Cargando\u2026<\/p>\n","protected":false},"author":1,"featured_media":0,"parent":0,"menu_order":0,"comment_status":"closed","ping_status":"closed","template":"","meta":{"vkexunit_cta_each_option":"","footnotes":""},"class_list":["post-152","page","type-page","status-publish","hentry"],"yoast_head":"<!-- This site is optimized with the Yoast SEO plugin v26.1.1 - https:\/\/yoast.com\/wordpress\/plugins\/seo\/ -->\n<title>Solicita Cotizacion - DSI - Servicios e Ingenier\u00eda<\/title>\n<meta name=\"robots\" content=\"index, follow, max-snippet:-1, max-image-preview:large, max-video-preview:-1\" \/>\n<link rel=\"canonical\" href=\"https:\/\/ingenieriadsi.mx\/index.php\/solicita-cotizacion\/\" \/>\n<meta property=\"og:locale\" content=\"es_ES\" \/>\n<meta property=\"og:type\" content=\"article\" \/>\n<meta property=\"og:title\" content=\"Solicita Cotizacion - DSI - Servicios e Ingenier\u00eda\" \/>\n<meta property=\"og:description\" content=\"Cargando\u2026\" \/>\n<meta property=\"og:url\" content=\"https:\/\/ingenieriadsi.mx\/index.php\/solicita-cotizacion\/\" \/>\n<meta property=\"og:site_name\" content=\"DSI - Servicios e Ingenier\u00eda\" \/>\n<meta property=\"article:modified_time\" content=\"2025-10-13T03:51:15+00:00\" \/>\n<meta name=\"twitter:card\" content=\"summary_large_image\" \/>\n<meta name=\"twitter:label1\" content=\"Tiempo de lectura\" \/>\n\t<meta name=\"twitter:data1\" content=\"1 minuto\" \/>\n<script type=\"application\/ld+json\" class=\"yoast-schema-graph\">{\"@context\":\"https:\/\/schema.org\",\"@graph\":[{\"@type\":\"WebPage\",\"@id\":\"https:\/\/ingenieriadsi.mx\/index.php\/solicita-cotizacion\/\",\"url\":\"https:\/\/ingenieriadsi.mx\/index.php\/solicita-cotizacion\/\",\"name\":\"Solicita Cotizacion - DSI - Servicios e Ingenier\u00eda\",\"isPartOf\":{\"@id\":\"https:\/\/ingenieriadsi.mx\/#website\"},\"datePublished\":\"2025-10-13T03:38:15+00:00\",\"dateModified\":\"2025-10-13T03:51:15+00:00\",\"breadcrumb\":{\"@id\":\"https:\/\/ingenieriadsi.mx\/index.php\/solicita-cotizacion\/#breadcrumb\"},\"inLanguage\":\"es\",\"potentialAction\":[{\"@type\":\"ReadAction\",\"target\":[\"https:\/\/ingenieriadsi.mx\/index.php\/solicita-cotizacion\/\"]}]},{\"@type\":\"BreadcrumbList\",\"@id\":\"https:\/\/ingenieriadsi.mx\/index.php\/solicita-cotizacion\/#breadcrumb\",\"itemListElement\":[{\"@type\":\"ListItem\",\"position\":1,\"name\":\"Portada\",\"item\":\"https:\/\/ingenieriadsi.mx\/\"},{\"@type\":\"ListItem\",\"position\":2,\"name\":\"Solicita Cotizacion\"}]},{\"@type\":\"WebSite\",\"@id\":\"https:\/\/ingenieriadsi.mx\/#website\",\"url\":\"https:\/\/ingenieriadsi.mx\/\",\"name\":\"DSI - Servicios e Ingenier\u00eda\",\"description\":\"Innovaci\u00f3n y confianza en servicios integrales para laboratorios cl\u00ednicos.\",\"potentialAction\":[{\"@type\":\"SearchAction\",\"target\":{\"@type\":\"EntryPoint\",\"urlTemplate\":\"https:\/\/ingenieriadsi.mx\/?s={search_term_string}\"},\"query-input\":{\"@type\":\"PropertyValueSpecification\",\"valueRequired\":true,\"valueName\":\"search_term_string\"}}],\"inLanguage\":\"es\"}]}<\/script>\n<!-- \/ Yoast SEO plugin. -->","yoast_head_json":{"title":"Solicita Cotizacion - DSI - Servicios e Ingenier\u00eda","robots":{"index":"index","follow":"follow","max-snippet":"max-snippet:-1","max-image-preview":"max-image-preview:large","max-video-preview":"max-video-preview:-1"},"canonical":"https:\/\/ingenieriadsi.mx\/index.php\/solicita-cotizacion\/","og_locale":"es_ES","og_type":"article","og_title":"Solicita Cotizacion - DSI - Servicios e Ingenier\u00eda","og_description":"Cargando\u2026","og_url":"https:\/\/ingenieriadsi.mx\/index.php\/solicita-cotizacion\/","og_site_name":"DSI - Servicios e Ingenier\u00eda","article_modified_time":"2025-10-13T03:51:15+00:00","twitter_card":"summary_large_image","twitter_misc":{"Tiempo de lectura":"1 minuto"},"schema":{"@context":"https:\/\/schema.org","@graph":[{"@type":"WebPage","@id":"https:\/\/ingenieriadsi.mx\/index.php\/solicita-cotizacion\/","url":"https:\/\/ingenieriadsi.mx\/index.php\/solicita-cotizacion\/","name":"Solicita Cotizacion - DSI - Servicios e Ingenier\u00eda","isPartOf":{"@id":"https:\/\/ingenieriadsi.mx\/#website"},"datePublished":"2025-10-13T03:38:15+00:00","dateModified":"2025-10-13T03:51:15+00:00","breadcrumb":{"@id":"https:\/\/ingenieriadsi.mx\/index.php\/solicita-cotizacion\/#breadcrumb"},"inLanguage":"es","potentialAction":[{"@type":"ReadAction","target":["https:\/\/ingenieriadsi.mx\/index.php\/solicita-cotizacion\/"]}]},{"@type":"BreadcrumbList","@id":"https:\/\/ingenieriadsi.mx\/index.php\/solicita-cotizacion\/#breadcrumb","itemListElement":[{"@type":"ListItem","position":1,"name":"Portada","item":"https:\/\/ingenieriadsi.mx\/"},{"@type":"ListItem","position":2,"name":"Solicita Cotizacion"}]},{"@type":"WebSite","@id":"https:\/\/ingenieriadsi.mx\/#website","url":"https:\/\/ingenieriadsi.mx\/","name":"DSI - Servicios e Ingenier\u00eda","description":"Innovaci\u00f3n y confianza en servicios integrales para laboratorios cl\u00ednicos.","potentialAction":[{"@type":"SearchAction","target":{"@type":"EntryPoint","urlTemplate":"https:\/\/ingenieriadsi.mx\/?s={search_term_string}"},"query-input":{"@type":"PropertyValueSpecification","valueRequired":true,"valueName":"search_term_string"}}],"inLanguage":"es"}]}},"_links":{"self":[{"href":"https:\/\/ingenieriadsi.mx\/index.php\/wp-json\/wp\/v2\/pages\/152","targetHints":{"allow":["GET"]}}],"collection":[{"href":"https:\/\/ingenieriadsi.mx\/index.php\/wp-json\/wp\/v2\/pages"}],"about":[{"href":"https:\/\/ingenieriadsi.mx\/index.php\/wp-json\/wp\/v2\/types\/page"}],"author":[{"embeddable":true,"href":"https:\/\/ingenieriadsi.mx\/index.php\/wp-json\/wp\/v2\/users\/1"}],"replies":[{"embeddable":true,"href":"https:\/\/ingenieriadsi.mx\/index.php\/wp-json\/wp\/v2\/comments?post=152"}],"version-history":[{"count":4,"href":"https:\/\/ingenieriadsi.mx\/index.php\/wp-json\/wp\/v2\/pages\/152\/revisions"}],"predecessor-version":[{"id":157,"href":"https:\/\/ingenieriadsi.mx\/index.php\/wp-json\/wp\/v2\/pages\/152\/revisions\/157"}],"wp:attachment":[{"href":"https:\/\/ingenieriadsi.mx\/index.php\/wp-json\/wp\/v2\/media?parent=152"}],"curies":[{"name":"wp","href":"https:\/\/api.w.org\/{rel}","templated":true}]}}